{"id":42,"date":"2023-01-31T20:29:03","date_gmt":"2023-01-31T20:29:03","guid":{"rendered":"https:\/\/stm.losreyesmichoacan.gob.mx\/?page_id=42"},"modified":"2023-05-25T17:05:15","modified_gmt":"2023-05-25T17:05:15","slug":"integrantes","status":"publish","type":"page","link":"https:\/\/stm.losreyesmichoacan.gob.mx\/index.php\/integrantes\/","title":{"rendered":"INTEGRACI\u00d3N DEL SECRETARIADO T\u00c9CNICO MUNICIPAL"},"content":{"rendered":"<p>&nbsp;<\/p>\n<p style=\"text-align: center;\"><span style=\"font-size: 24px; color: #000000; font-family: 'arial black', sans-serif;\">Integrantes<\/span><\/p>\n<table style=\"width: 101.446%; height: 336px;\" width=\"101.325%\">\n<tbody>\n<tr style=\"height: 48px;\">\n<th style=\"width: 18.7855%; background-color: #e3e1e1; height: 48px;\" width=\"127\"><span style=\"color: #000000;\"><strong>Tipo de Integrante<\/strong><\/span><\/th>\n<th style=\"width: 21.8295%; background-color: #e3e1e1; height: 48px;\" width=\"137\"><span style=\"color: #000000;\"><strong>Nombre<\/strong><\/span><\/th>\n<th style=\"width: 28.9546%; background-color: #e3e1e1; height: 48px;\" width=\"170\"><span style=\"color: #000000;\"><strong>Representante<\/strong><\/span><\/th>\n<th style=\"width: 67.5298%; background-color: #e3e1e1; height: 48px;\" width=\"170\"><span style=\"color: #000000;\"><strong>Datos de contacto<\/strong><\/span><\/th>\n<\/tr>\n<tr style=\"height: 48px;\">\n<td style=\"width: 18.7855%; height: 48px;\" width=\"127\"><span style=\"color: #000000;\">Autoridad<\/span><\/td>\n<td style=\"width: 21.8295%; height: 48px;\" width=\"137\"><span style=\"color: #000000;\">Lic. Ricardo Enrique Torres Barrag\u00e1n<\/span><\/td>\n<td style=\"width: 28.9546%; height: 48px;\" width=\"170\"><span style=\"color: #000000;\">Secretario Municipal<\/span><\/td>\n<td style=\"width: 67.5298%; height: 48px;\" width=\"170\"><span style=\"color: #000000; font-size: 14px;\">secretaria@losreyesmichoacan.gob.mx<\/span><\/td>\n<\/tr>\n<tr style=\"height: 48px;\">\n<td style=\"width: 18.7855%; background-color: #e3e1e1; height: 48px;\" width=\"127\"><span style=\"color: #000000;\">Organismo garante<\/span><\/td>\n<td style=\"width: 21.8295%; background-color: #e3e1e1; height: 48px;\" width=\"137\"><span style=\"color: #000000;\">Mtro. Abraham Montes Maga\u00f1a<\/span><\/td>\n<td style=\"width: 28.9546%; background-color: #e3e1e1; height: 48px;\" width=\"170\"><span style=\"color: #000000;\">IMAIP<\/span><\/td>\n<td style=\"width: 67.5298%; background-color: #e3e1e1; height: 48px;\" width=\"170\"><span style=\"color: #000000;\">amontes@imaip.org.mx<\/span><\/td>\n<\/tr>\n<tr style=\"height: 96px;\">\n<td style=\"width: 18.7855%; height: 96px;\" width=\"127\"><span style=\"color: #000000;\">Sociedad Civil<\/span><\/td>\n<td style=\"width: 21.8295%; height: 96px;\" width=\"137\"><span style=\"color: #000000;\">C. Carlos Mora Figueroa<\/span><\/td>\n<td style=\"width: 28.9546%; height: 96px;\" width=\"170\"><span style=\"color: #000000;\">Secretario Mesa Directiva de Organizaci\u00f3n de Radios Comunitarias e Ind\u00edgenas del Estado de Michoac\u00e1n A.C.<\/span><\/td>\n<td style=\"width: 67.5298%; height: 96px;\" width=\"170\"><span style=\"color: #000000;\">3541381834<\/span><\/td>\n<\/tr>\n<tr style=\"height: 48px;\">\n<td style=\"width: 18.7855%; background-color: #e3e1e1; height: 48px;\" width=\"127\"><span style=\"color: #000000;\">Academia<\/span><\/td>\n<td style=\"width: 21.8295%; background-color: #e3e1e1; height: 48px;\" width=\"137\"><span style=\"color: #000000;\">MAP Ra\u00fal Alv\u00edzar Manzo<\/span><\/td>\n<td style=\"width: 28.9546%; background-color: #e3e1e1; height: 48px;\" width=\"170\"><span style=\"color: #000000;\">Profesor Titular \u201cA\u201d ITSLR<\/span><\/td>\n<td style=\"width: 67.5298%; background-color: #e3e1e1; height: 48px;\" width=\"170\"><span style=\"color: #000000;\">raul.am@losreyes.tecnm.mx<\/span><\/td>\n<\/tr>\n<tr style=\"height: 48px;\">\n<td style=\"width: 18.7855%; height: 48px;\" width=\"127\"><span style=\"color: #000000;\">Ciudadan\u00eda<\/span><\/td>\n<td style=\"width: 21.8295%; height: 48px;\" width=\"137\"><span style=\"color: #000000;\">C. Jorge Eduardo Duarte Hern\u00e1ndez<\/span><\/td>\n<td style=\"width: 28.9546%; height: 48px;\" width=\"170\"><\/td>\n<td style=\"width: 67.5298%; height: 48px;\" width=\"170\"><span style=\"color: #000000;\">jeduhelosreyes@gmail.com<\/span><\/td>\n<\/tr>\n<\/tbody>\n<\/table>\n<p>&nbsp;<\/p>\n<p style=\"text-align: center;\"><span style=\"font-size: 24px; font-family: 'arial black', sans-serif; color: #000000;\">Suplentes<\/span><\/p>\n<table class=\" aligncenter\" style=\"width: 101.632%;\" width=\"101.632%\">\n<caption>\u00a0<\/caption>\n<tbody>\n<tr>\n<td style=\"width: 17.0042%; background-color: #e3e1e1;\" width=\"96\"><span style=\"color: #000000;\"><strong>Tipo de Integrante<\/strong><\/span><\/td>\n<td style=\"width: 21.3683%; background-color: #e3e1e1;\" width=\"93\"><span style=\"color: #000000;\"><strong>Nombre<\/strong><\/span><\/td>\n<td style=\"width: 34.2611%; background-color: #e3e1e1;\" width=\"233\"><span style=\"color: #000000;\"><strong>Suplente <\/strong><\/span><\/td>\n<td style=\"width: 58.8074%; background-color: #e3e1e1;\" width=\"183\"><span style=\"color: #000000;\"><strong>Datos de contacto<\/strong><\/span><\/td>\n<\/tr>\n<tr>\n<td style=\"width: 17.0042%;\" width=\"96\"><span style=\"color: #000000;\">Autoridad<\/span><\/td>\n<td style=\"width: 21.3683%;\" width=\"93\"><span style=\"color: #000000;\">C. Rodolfo Armando Aguilar Zambrano<\/span><\/td>\n<td style=\"width: 34.2611%;\" width=\"233\"><span style=\"color: #000000;\">Director de Desarrollo Rural<\/span><\/td>\n<td style=\"width: 58.8074%;\" width=\"183\"><span style=\"color: #000000; font-size: 14px;\">desarrollorural@losreyesmichoacan.gob.mx<\/span><\/td>\n<\/tr>\n<tr>\n<td style=\"width: 17.0042%; background-color: #e3e1e1;\" width=\"96\"><span style=\"color: #000000;\">Organismo garante<\/span><\/td>\n<td style=\"width: 21.3683%; background-color: #e3e1e1;\" width=\"93\"><span style=\"color: #000000;\">Lic. Roberto Garc\u00eda Escobar<\/span><\/td>\n<td style=\"width: 34.2611%; background-color: #e3e1e1;\" width=\"233\"><span style=\"color: #000000;\">Subcoordinador de Estado Abierto y Transparencia Proactiva Enlace del IMAIP<\/span><\/td>\n<td style=\"width: 58.8074%; background-color: #e3e1e1;\" width=\"183\"><span style=\"color: #000000;\">rgarcia@imaip.org.mx<\/span><\/td>\n<\/tr>\n<tr>\n<td style=\"width: 17.0042%;\" width=\"96\"><span style=\"color: #000000;\">Sociedad Civil<\/span><\/td>\n<td style=\"width: 21.3683%;\" width=\"93\"><span style=\"color: #000000;\">C. Rigoberto Barajas Valencia<\/span><\/td>\n<td style=\"width: 34.2611%;\" width=\"233\"><span style=\"color: #000000;\">Director General del Sistema del Ser Integral Consiente<\/span><\/td>\n<td style=\"width: 58.8074%;\" width=\"183\"><span style=\"color: #000000;\">3541120197<\/span><\/td>\n<\/tr>\n<tr>\n<td style=\"width: 17.0042%; background-color: #e3e1e1;\" width=\"96\"><span style=\"color: #000000;\">Academia<\/span><\/td>\n<td style=\"width: 21.3683%; background-color: #e3e1e1;\" width=\"93\"><span style=\"color: #000000;\">Prof. Arnoldo Manuel Ch\u00e1vez P\u00e9rez<\/span><\/td>\n<td style=\"width: 34.2611%; background-color: #e3e1e1;\" width=\"233\"><span style=\"color: #000000;\">Director COBAEM Los Reyes<\/span><\/td>\n<td style=\"width: 58.8074%; background-color: #e3e1e1;\" width=\"183\"><span style=\"color: #000000;\">3541019377<\/span><\/td>\n<\/tr>\n<tr>\n<td style=\"width: 17.0042%;\" width=\"96\"><span style=\"color: #000000;\">Ciudadan\u00eda<\/span><\/td>\n<td style=\"width: 21.3683%;\" width=\"93\"><span style=\"color: #000000;\">C. Alfonso Espinosa Hern\u00e1ndez<\/span><\/td>\n<td style=\"width: 34.2611%;\" width=\"233\"><\/td>\n<td style=\"width: 58.8074%;\" width=\"183\"><span style=\"color: #000000;\">3545455198<\/span><\/td>\n<\/tr>\n<\/tbody>\n<\/table>\n<p>&nbsp;<\/p>\n<p>&nbsp;<\/p>\n<p style=\"text-align: center;\"><span style=\"font-size: 24px; font-family: 'arial black', sans-serif; color: #000000;\">Facilitador<\/span><\/p>\n<table style=\"width: 100.808%;\">\n<caption>\u00a0<\/caption>\n<tbody>\n<tr>\n<td style=\"width: 20.339%; background-color: #e3e1e1;\" width=\"151\"><span style=\"color: #000000;\"><strong>Tipo de Integrante<\/strong><\/span><\/td>\n<td style=\"width: 20.339%; background-color: #e3e1e1;\" width=\"151\"><span style=\"color: #000000;\"><strong>Nombre<\/strong><\/span><\/td>\n<td style=\"width: 20.339%; background-color: #e3e1e1;\" width=\"151\"><span style=\"color: #000000;\"><strong>Representante<\/strong><\/span><\/td>\n<td style=\"width: 45.5682%; background-color: #e3e1e1;\" width=\"151\"><span style=\"color: #000000;\"><strong>Datos de contacto<\/strong><\/span><\/td>\n<\/tr>\n<tr>\n<td style=\"width: 20.339%;\" width=\"151\"><span style=\"color: #000000;\">Facilitador<\/span><\/td>\n<td style=\"width: 20.339%;\" width=\"151\"><span style=\"color: #000000;\">MBA Ricardo Ram\u00edrez Gonz\u00e1lez<\/span><\/td>\n<td style=\"width: 20.339%;\" width=\"151\"><span style=\"color: #000000;\">Contralor Municipal<\/span><\/td>\n<td style=\"width: 45.5682%;\" width=\"151\"><span style=\"color: #000000;\">contraloria@losreyesmichoacan.gob.mx<\/span><\/td>\n<\/tr>\n<\/tbody>\n<\/table>\n<p>&nbsp;<\/p>\n<p>&nbsp;<\/p>\n<p>&nbsp;<\/p>\n<p><a href=\"http:\/\/sistemaanticorrupcion.michoacan.gob.mx\/\"><img decoding=\"async\" class=\"alignleft\" src=\"http:\/\/sistemaanticorrupcion.michoacan.gob.mx\/templates\/g5_hydrogen\/custom\/images\/Logotipo%20SESEA%20Michoacan.svg\" alt=\"Secretar\u00eda Ejecutiva del Sistema Estatal Anticorrupci\u00f3n\" width=\"113\" height=\"77\" \/><\/a><\/p>\n<p><a href=\"https:\/\/www.sna.org.mx\/\"><img decoding=\"async\" class=\"alignleft\" src=\"https:\/\/www.gob.mx\/cms\/uploads\/article\/main_image\/60313\/SnaLogoNav03.jpg\" alt=\"EL SISTEMA NACIONAL ANTICORRUPCI\u00d3N | Secretar\u00eda Ejecutiva ...\" width=\"167\" height=\"84\" \/><\/a><\/p>\n<p><a href=\"https:\/\/www.transparenciapresupuestaria.gob.mx\/\"><img decoding=\"async\" class=\"wp-image-227 alignleft\" src=\"https:\/\/stm.losreyesmichoacan.gob.mx\/wp-content\/uploads\/2023\/04\/tp-300x245.jpg\" alt=\"\" width=\"130\" height=\"106\" srcset=\"https:\/\/stm.losreyesmichoacan.gob.mx\/wp-content\/uploads\/2023\/04\/tp-300x245.jpg 300w, https:\/\/stm.losreyesmichoacan.gob.mx\/wp-content\/uploads\/2023\/04\/tp.jpg 350w\" sizes=\"(max-width: 130px) 100vw, 130px\" \/><\/a><\/p>\n<p><a href=\"https:\/\/www.plataformadetransparencia.org.mx\/\"><img loading=\"lazy\" decoding=\"async\" class=\"wp-image-226 alignleft\" src=\"https:\/\/stm.losreyesmichoacan.gob.mx\/wp-content\/uploads\/2023\/04\/lp-300x245.jpg\" alt=\"\" width=\"130\" height=\"106\" srcset=\"https:\/\/stm.losreyesmichoacan.gob.mx\/wp-content\/uploads\/2023\/04\/lp-300x245.jpg 300w, https:\/\/stm.losreyesmichoacan.gob.mx\/wp-content\/uploads\/2023\/04\/lp.jpg 350w\" sizes=\"(max-width: 130px) 100vw, 130px\" \/><\/a><\/p>\n<p><a href=\"http:\/\/imaip.org.mx\/\"><img loading=\"lazy\" decoding=\"async\" class=\"wp-image-224 alignleft\" src=\"https:\/\/stm.losreyesmichoacan.gob.mx\/wp-content\/uploads\/2023\/04\/imaip-300x245.jpg\" alt=\"\" width=\"130\" height=\"106\" srcset=\"https:\/\/stm.losreyesmichoacan.gob.mx\/wp-content\/uploads\/2023\/04\/imaip-300x245.jpg 300w, https:\/\/stm.losreyesmichoacan.gob.mx\/wp-content\/uploads\/2023\/04\/imaip.jpg 350w\" sizes=\"(max-width: 130px) 100vw, 130px\" \/><\/a><\/p>\n<p><a href=\"https:\/\/home.inai.org.mx\/\"><img loading=\"lazy\" decoding=\"async\" class=\"wp-image-225 alignleft\" src=\"https:\/\/stm.losreyesmichoacan.gob.mx\/wp-content\/uploads\/2023\/04\/inai-300x245.png\" alt=\"\" width=\"130\" height=\"106\" srcset=\"https:\/\/stm.losreyesmichoacan.gob.mx\/wp-content\/uploads\/2023\/04\/inai-300x245.png 300w, https:\/\/stm.losreyesmichoacan.gob.mx\/wp-content\/uploads\/2023\/04\/inai.png 350w\" sizes=\"(max-width: 130px) 100vw, 130px\" \/><\/a><\/p>\n","protected":false},"excerpt":{"rendered":"<p class=\"qua-blog-post-description\">&nbsp; Integrantes Tipo de Integrante Nombre Representante Datos de contacto Autoridad Lic. Ricardo Enrique Torres Barrag\u00e1n Secretario Municipal secretaria@losreyesmichoacan.gob.mx Organismo garante Mtro. Abraham Montes Maga\u00f1a IMAIP amontes@imaip.org.mx Sociedad Civil C. Carlos Mora Figueroa Secretario Mesa Directiva de Organizaci\u00f3n de Radios Comunitarias e Ind\u00edgenas del Estado de Michoac\u00e1n A.C. 3541381834 Academia MAP Ra\u00fal Alv\u00edzar Manzo Profesor [&hellip;]<\/p>\n","protected":false},"author":1,"featured_media":0,"parent":0,"menu_order":0,"comment_status":"closed","ping_status":"closed","template":"quality-page-builder-default.php","meta":{"footnotes":""},"class_list":["post-42","page","type-page","status-publish","hentry"],"yoast_head":"<!-- This site is optimized with the Yoast SEO plugin v25.4 - https:\/\/yoast.com\/wordpress\/plugins\/seo\/ -->\n<title>INTEGRACI\u00d3N DEL SECRETARIADO T\u00c9CNICO MUNICIPAL - STM<\/title>\n<meta name=\"robots\" content=\"index, follow, max-snippet:-1, max-image-preview:large, max-video-preview:-1\" \/>\n<link rel=\"canonical\" href=\"https:\/\/stm.losreyesmichoacan.gob.mx\/index.php\/integrantes\/\" \/>\n<meta property=\"og:locale\" content=\"es_ES\" \/>\n<meta property=\"og:type\" content=\"article\" \/>\n<meta property=\"og:title\" content=\"INTEGRACI\u00d3N DEL SECRETARIADO T\u00c9CNICO MUNICIPAL - STM\" \/>\n<meta property=\"og:description\" content=\"&nbsp; Integrantes Tipo de Integrante Nombre Representante Datos de contacto Autoridad Lic. Ricardo Enrique Torres Barrag\u00e1n Secretario Municipal secretaria@losreyesmichoacan.gob.mx Organismo garante Mtro. Abraham Montes Maga\u00f1a IMAIP amontes@imaip.org.mx Sociedad Civil C. Carlos Mora Figueroa Secretario Mesa Directiva de Organizaci\u00f3n de Radios Comunitarias e Ind\u00edgenas del Estado de Michoac\u00e1n A.C. 3541381834 Academia MAP Ra\u00fal Alv\u00edzar Manzo Profesor [&hellip;]\" \/>\n<meta property=\"og:url\" content=\"https:\/\/stm.losreyesmichoacan.gob.mx\/index.php\/integrantes\/\" \/>\n<meta property=\"og:site_name\" content=\"STM\" \/>\n<meta property=\"article:modified_time\" content=\"2023-05-25T17:05:15+00:00\" \/>\n<meta property=\"og:image\" content=\"http:\/\/sistemaanticorrupcion.michoacan.gob.mx\/templates\/g5_hydrogen\/custom\/images\/Logotipo%20SESEA%20Michoacan.svg\" \/>\n<meta name=\"twitter:card\" content=\"summary_large_image\" \/>\n<meta name=\"twitter:label1\" content=\"Tiempo de lectura\" \/>\n\t<meta name=\"twitter:data1\" content=\"2 minutos\" \/>\n<script type=\"application\/ld+json\" class=\"yoast-schema-graph\">{\"@context\":\"https:\/\/schema.org\",\"@graph\":[{\"@type\":\"WebPage\",\"@id\":\"https:\/\/stm.losreyesmichoacan.gob.mx\/index.php\/integrantes\/\",\"url\":\"https:\/\/stm.losreyesmichoacan.gob.mx\/index.php\/integrantes\/\",\"name\":\"INTEGRACI\u00d3N DEL SECRETARIADO T\u00c9CNICO MUNICIPAL - STM\",\"isPartOf\":{\"@id\":\"https:\/\/stm.losreyesmichoacan.gob.mx\/#website\"},\"primaryImageOfPage\":{\"@id\":\"https:\/\/stm.losreyesmichoacan.gob.mx\/index.php\/integrantes\/#primaryimage\"},\"image\":{\"@id\":\"https:\/\/stm.losreyesmichoacan.gob.mx\/index.php\/integrantes\/#primaryimage\"},\"thumbnailUrl\":\"http:\/\/sistemaanticorrupcion.michoacan.gob.mx\/templates\/g5_hydrogen\/custom\/images\/Logotipo%20SESEA%20Michoacan.svg\",\"datePublished\":\"2023-01-31T20:29:03+00:00\",\"dateModified\":\"2023-05-25T17:05:15+00:00\",\"breadcrumb\":{\"@id\":\"https:\/\/stm.losreyesmichoacan.gob.mx\/index.php\/integrantes\/#breadcrumb\"},\"inLanguage\":\"es\",\"potentialAction\":[{\"@type\":\"ReadAction\",\"target\":[\"https:\/\/stm.losreyesmichoacan.gob.mx\/index.php\/integrantes\/\"]}]},{\"@type\":\"ImageObject\",\"inLanguage\":\"es\",\"@id\":\"https:\/\/stm.losreyesmichoacan.gob.mx\/index.php\/integrantes\/#primaryimage\",\"url\":\"http:\/\/sistemaanticorrupcion.michoacan.gob.mx\/templates\/g5_hydrogen\/custom\/images\/Logotipo%20SESEA%20Michoacan.svg\",\"contentUrl\":\"http:\/\/sistemaanticorrupcion.michoacan.gob.mx\/templates\/g5_hydrogen\/custom\/images\/Logotipo%20SESEA%20Michoacan.svg\"},{\"@type\":\"BreadcrumbList\",\"@id\":\"https:\/\/stm.losreyesmichoacan.gob.mx\/index.php\/integrantes\/#breadcrumb\",\"itemListElement\":[{\"@type\":\"ListItem\",\"position\":1,\"name\":\"Portada\",\"item\":\"https:\/\/stm.losreyesmichoacan.gob.mx\/\"},{\"@type\":\"ListItem\",\"position\":2,\"name\":\"INTEGRACI\u00d3N DEL SECRETARIADO T\u00c9CNICO MUNICIPAL\"}]},{\"@type\":\"WebSite\",\"@id\":\"https:\/\/stm.losreyesmichoacan.gob.mx\/#website\",\"url\":\"https:\/\/stm.losreyesmichoacan.gob.mx\/\",\"name\":\"STM\",\"description\":\"Secretariado T\u00e9cnico Municipal\",\"publisher\":{\"@id\":\"https:\/\/stm.losreyesmichoacan.gob.mx\/#organization\"},\"potentialAction\":[{\"@type\":\"SearchAction\",\"target\":{\"@type\":\"EntryPoint\",\"urlTemplate\":\"https:\/\/stm.losreyesmichoacan.gob.mx\/?s={search_term_string}\"},\"query-input\":{\"@type\":\"PropertyValueSpecification\",\"valueRequired\":true,\"valueName\":\"search_term_string\"}}],\"inLanguage\":\"es\"},{\"@type\":\"Organization\",\"@id\":\"https:\/\/stm.losreyesmichoacan.gob.mx\/#organization\",\"name\":\"STM\",\"url\":\"https:\/\/stm.losreyesmichoacan.gob.mx\/\",\"logo\":{\"@type\":\"ImageObject\",\"inLanguage\":\"es\",\"@id\":\"https:\/\/stm.losreyesmichoacan.gob.mx\/#\/schema\/logo\/image\/\",\"url\":\"https:\/\/stm.losreyesmichoacan.gob.mx\/wp-content\/uploads\/2023\/01\/cropped-LOGO_SECRETARIADO_TECNICO.fw_-2.png\",\"contentUrl\":\"https:\/\/stm.losreyesmichoacan.gob.mx\/wp-content\/uploads\/2023\/01\/cropped-LOGO_SECRETARIADO_TECNICO.fw_-2.png\",\"width\":153,\"height\":106,\"caption\":\"STM\"},\"image\":{\"@id\":\"https:\/\/stm.losreyesmichoacan.gob.mx\/#\/schema\/logo\/image\/\"}}]}<\/script>\n<!-- \/ Yoast SEO plugin. -->","yoast_head_json":{"title":"INTEGRACI\u00d3N DEL SECRETARIADO T\u00c9CNICO MUNICIPAL - STM","robots":{"index":"index","follow":"follow","max-snippet":"max-snippet:-1","max-image-preview":"max-image-preview:large","max-video-preview":"max-video-preview:-1"},"canonical":"https:\/\/stm.losreyesmichoacan.gob.mx\/index.php\/integrantes\/","og_locale":"es_ES","og_type":"article","og_title":"INTEGRACI\u00d3N DEL SECRETARIADO T\u00c9CNICO MUNICIPAL - STM","og_description":"&nbsp; Integrantes Tipo de Integrante Nombre Representante Datos de contacto Autoridad Lic. Ricardo Enrique Torres Barrag\u00e1n Secretario Municipal secretaria@losreyesmichoacan.gob.mx Organismo garante Mtro. Abraham Montes Maga\u00f1a IMAIP amontes@imaip.org.mx Sociedad Civil C. Carlos Mora Figueroa Secretario Mesa Directiva de Organizaci\u00f3n de Radios Comunitarias e Ind\u00edgenas del Estado de Michoac\u00e1n A.C. 3541381834 Academia MAP Ra\u00fal Alv\u00edzar Manzo Profesor [&hellip;]","og_url":"https:\/\/stm.losreyesmichoacan.gob.mx\/index.php\/integrantes\/","og_site_name":"STM","article_modified_time":"2023-05-25T17:05:15+00:00","og_image":[{"url":"http:\/\/sistemaanticorrupcion.michoacan.gob.mx\/templates\/g5_hydrogen\/custom\/images\/Logotipo%20SESEA%20Michoacan.svg","type":"","width":"","height":""}],"twitter_card":"summary_large_image","twitter_misc":{"Tiempo de lectura":"2 minutos"},"schema":{"@context":"https:\/\/schema.org","@graph":[{"@type":"WebPage","@id":"https:\/\/stm.losreyesmichoacan.gob.mx\/index.php\/integrantes\/","url":"https:\/\/stm.losreyesmichoacan.gob.mx\/index.php\/integrantes\/","name":"INTEGRACI\u00d3N DEL SECRETARIADO T\u00c9CNICO MUNICIPAL - STM","isPartOf":{"@id":"https:\/\/stm.losreyesmichoacan.gob.mx\/#website"},"primaryImageOfPage":{"@id":"https:\/\/stm.losreyesmichoacan.gob.mx\/index.php\/integrantes\/#primaryimage"},"image":{"@id":"https:\/\/stm.losreyesmichoacan.gob.mx\/index.php\/integrantes\/#primaryimage"},"thumbnailUrl":"http:\/\/sistemaanticorrupcion.michoacan.gob.mx\/templates\/g5_hydrogen\/custom\/images\/Logotipo%20SESEA%20Michoacan.svg","datePublished":"2023-01-31T20:29:03+00:00","dateModified":"2023-05-25T17:05:15+00:00","breadcrumb":{"@id":"https:\/\/stm.losreyesmichoacan.gob.mx\/index.php\/integrantes\/#breadcrumb"},"inLanguage":"es","potentialAction":[{"@type":"ReadAction","target":["https:\/\/stm.losreyesmichoacan.gob.mx\/index.php\/integrantes\/"]}]},{"@type":"ImageObject","inLanguage":"es","@id":"https:\/\/stm.losreyesmichoacan.gob.mx\/index.php\/integrantes\/#primaryimage","url":"http:\/\/sistemaanticorrupcion.michoacan.gob.mx\/templates\/g5_hydrogen\/custom\/images\/Logotipo%20SESEA%20Michoacan.svg","contentUrl":"http:\/\/sistemaanticorrupcion.michoacan.gob.mx\/templates\/g5_hydrogen\/custom\/images\/Logotipo%20SESEA%20Michoacan.svg"},{"@type":"BreadcrumbList","@id":"https:\/\/stm.losreyesmichoacan.gob.mx\/index.php\/integrantes\/#breadcrumb","itemListElement":[{"@type":"ListItem","position":1,"name":"Portada","item":"https:\/\/stm.losreyesmichoacan.gob.mx\/"},{"@type":"ListItem","position":2,"name":"INTEGRACI\u00d3N DEL SECRETARIADO T\u00c9CNICO MUNICIPAL"}]},{"@type":"WebSite","@id":"https:\/\/stm.losreyesmichoacan.gob.mx\/#website","url":"https:\/\/stm.losreyesmichoacan.gob.mx\/","name":"STM","description":"Secretariado T\u00e9cnico Municipal","publisher":{"@id":"https:\/\/stm.losreyesmichoacan.gob.mx\/#organization"},"potentialAction":[{"@type":"SearchAction","target":{"@type":"EntryPoint","urlTemplate":"https:\/\/stm.losreyesmichoacan.gob.mx\/?s={search_term_string}"},"query-input":{"@type":"PropertyValueSpecification","valueRequired":true,"valueName":"search_term_string"}}],"inLanguage":"es"},{"@type":"Organization","@id":"https:\/\/stm.losreyesmichoacan.gob.mx\/#organization","name":"STM","url":"https:\/\/stm.losreyesmichoacan.gob.mx\/","logo":{"@type":"ImageObject","inLanguage":"es","@id":"https:\/\/stm.losreyesmichoacan.gob.mx\/#\/schema\/logo\/image\/","url":"https:\/\/stm.losreyesmichoacan.gob.mx\/wp-content\/uploads\/2023\/01\/cropped-LOGO_SECRETARIADO_TECNICO.fw_-2.png","contentUrl":"https:\/\/stm.losreyesmichoacan.gob.mx\/wp-content\/uploads\/2023\/01\/cropped-LOGO_SECRETARIADO_TECNICO.fw_-2.png","width":153,"height":106,"caption":"STM"},"image":{"@id":"https:\/\/stm.losreyesmichoacan.gob.mx\/#\/schema\/logo\/image\/"}}]}},"_links":{"self":[{"href":"https:\/\/stm.losreyesmichoacan.gob.mx\/index.php\/wp-json\/wp\/v2\/pages\/42","targetHints":{"allow":["GET"]}}],"collection":[{"href":"https:\/\/stm.losreyesmichoacan.gob.mx\/index.php\/wp-json\/wp\/v2\/pages"}],"about":[{"href":"https:\/\/stm.losreyesmichoacan.gob.mx\/index.php\/wp-json\/wp\/v2\/types\/page"}],"author":[{"embeddable":true,"href":"https:\/\/stm.losreyesmichoacan.gob.mx\/index.php\/wp-json\/wp\/v2\/users\/1"}],"replies":[{"embeddable":true,"href":"https:\/\/stm.losreyesmichoacan.gob.mx\/index.php\/wp-json\/wp\/v2\/comments?post=42"}],"version-history":[{"count":61,"href":"https:\/\/stm.losreyesmichoacan.gob.mx\/index.php\/wp-json\/wp\/v2\/pages\/42\/revisions"}],"predecessor-version":[{"id":318,"href":"https:\/\/stm.losreyesmichoacan.gob.mx\/index.php\/wp-json\/wp\/v2\/pages\/42\/revisions\/318"}],"wp:attachment":[{"href":"https:\/\/stm.losreyesmichoacan.gob.mx\/index.php\/wp-json\/wp\/v2\/media?parent=42"}],"curies":[{"name":"wp","href":"https:\/\/api.w.org\/{rel}","templated":true}]}}