{"id":27,"date":"2023-01-31T20:23:59","date_gmt":"2023-01-31T20:23:59","guid":{"rendered":"https:\/\/stm.losreyesmichoacan.gob.mx\/?page_id=27"},"modified":"2023-06-05T18:04:42","modified_gmt":"2023-06-05T18:04:42","slug":"actas","status":"publish","type":"page","link":"https:\/\/stm.losreyesmichoacan.gob.mx\/index.php\/actas\/","title":{"rendered":"Actas"},"content":{"rendered":"<table style=\"border-collapse: collapse; width: 100%; height: 107px;\">\n<tbody>\n<tr style=\"height: 35px;\">\n<td style=\"width: 19.5152%; height: 35px; background-color: #e3e1e1; text-align: center;\"><span style=\"color: #000000;\"><strong>NO\u00b0 ACTA<\/strong><\/span><\/td>\n<td style=\"width: 50.909%; height: 35px; background-color: #e3e1e1; text-align: center;\"><span style=\"color: #000000;\"><strong><em>CONCPTO<\/em><\/strong><\/span><\/td>\n<td style=\"width: 29.5757%; height: 35px; background-color: #e3e1e1; text-align: center;\"><span style=\"color: #000000;\"><strong><em>DOCUMENTO<\/em><\/strong><\/span><\/td>\n<\/tr>\n<tr style=\"height: 24px;\">\n<td style=\"width: 19.5152%; height: 24px; text-align: center;\"><span style=\"color: #000000;\">ACTA #1<\/span><\/td>\n<td style=\"width: 50.909%; height: 24px;\">ACTA DE INSTALACI\u00d3N Y LINEAMIENTOS DE OPERACI\u00d3N DEL SECRETARIADO T\u00c9CNICO MUNICIPAL DE GOBIERNO ABIERTO DEL MUNICIPIO DE LOS REYES.<\/td>\n<td style=\"width: 29.5757%; height: 24px;\"><a href=\"https:\/\/stm.losreyesmichoacan.gob.mx\/wp-content\/uploads\/2023\/04\/Acta-1.pdf\" target=\"_blank\" rel=\"noopener\"><img decoding=\"async\" class=\" wp-image-150 aligncenter\" src=\"https:\/\/stm.losreyesmichoacan.gob.mx\/wp-content\/uploads\/2023\/04\/OIP.jpg\" alt=\"\" width=\"46\" height=\"50\" \/><\/a><\/td>\n<\/tr>\n<tr style=\"height: 24px;\">\n<td style=\"width: 19.5152%; height: 24px; text-align: center;\"><span style=\"color: #000000;\">ACTA #2<\/span><\/td>\n<td style=\"width: 50.909%; height: 24px;\">SECRETARIADO T\u00c9CNICO MUNICIPAL DE GOBIERNO ABIERTO DEL MUNICIPIO DE LOS REYES.<\/td>\n<td style=\"width: 29.5757%; height: 24px;\"><a href=\"https:\/\/stm.losreyesmichoacan.gob.mx\/wp-content\/uploads\/2023\/04\/Acta-2.pdf\" target=\"_blank\" rel=\"noopener\"><img decoding=\"async\" class=\" wp-image-150 aligncenter\" src=\"https:\/\/stm.losreyesmichoacan.gob.mx\/wp-content\/uploads\/2023\/04\/OIP.jpg\" alt=\"\" width=\"46\" height=\"50\" \/><\/a><\/td>\n<\/tr>\n<tr style=\"height: 24px;\">\n<td style=\"width: 19.5152%; height: 24px; text-align: center;\"><span style=\"color: #000000;\">ACTA #3<\/span><\/td>\n<td style=\"width: 50.909%; height: 24px;\">SECRETARIADO T\u00c9CNICO MUNICIPAL DE GOBIERNO ABIERTO DEL MUNICIPIO DE LOS REYES.<\/td>\n<td style=\"width: 29.5757%; height: 24px;\"><a href=\"https:\/\/stm.losreyesmichoacan.gob.mx\/wp-content\/uploads\/2023\/04\/Acta-3.pdf\" target=\"_blank\" rel=\"noopener\"><img decoding=\"async\" class=\" wp-image-150 aligncenter\" src=\"https:\/\/stm.losreyesmichoacan.gob.mx\/wp-content\/uploads\/2023\/04\/OIP.jpg\" alt=\"\" width=\"46\" height=\"50\" \/><\/a><\/td>\n<\/tr>\n<tr>\n<td style=\"width: 19.5152%; text-align: center;\"><span style=\"color: #000000;\">ACTA #4<\/span><\/td>\n<td style=\"width: 50.909%; text-align: left;\">SECRETARIADO T\u00c9CNICO MUNICIPAL DE GOBIERNO ABIERTO DEL MUNICIPIO DE LOS REYES.<\/td>\n<td style=\"width: 29.5757%; text-align: center;\"><a href=\"https:\/\/stm.losreyesmichoacan.gob.mx\/wp-content\/uploads\/2023\/06\/Acta-4.pdf\" target=\"_blank\" rel=\"noopener\"><img decoding=\"async\" class=\"aligncenter wp-image-150\" src=\"https:\/\/stm.losreyesmichoacan.gob.mx\/wp-content\/uploads\/2023\/04\/OIP.jpg\" alt=\"\" width=\"45\" height=\"49\" \/><\/a><\/td>\n<\/tr>\n<tr>\n<td style=\"width: 19.5152%; text-align: center;\"><span style=\"color: #000000;\">ACTA #5<\/span><\/td>\n<td style=\"width: 50.909%; text-align: left;\">SECRETARIADO T\u00c9CNICO MUNICIPAL DE GOBIERNO ABIERTO DEL MUNICIPIO DE LOS REYES.<\/td>\n<td style=\"width: 29.5757%; text-align: center;\"><a href=\"https:\/\/stm.losreyesmichoacan.gob.mx\/wp-content\/uploads\/2023\/06\/Acta-5.pdf\" target=\"_blank\" rel=\"noopener\"><img decoding=\"async\" class=\"aligncenter wp-image-150\" src=\"https:\/\/stm.losreyesmichoacan.gob.mx\/wp-content\/uploads\/2023\/04\/OIP.jpg\" alt=\"\" width=\"49\" height=\"53\" \/><\/a><\/td>\n<\/tr>\n<tr>\n<td style=\"width: 19.5152%; text-align: center;\"><span style=\"color: #000000;\">\u00a0<\/span><\/td>\n<td style=\"width: 50.909%; text-align: center;\"><\/td>\n<td style=\"width: 29.5757%; text-align: center;\"><\/td>\n<\/tr>\n<tr>\n<td style=\"width: 19.5152%; text-align: center;\"><span style=\"color: #000000;\">\u00a0<\/span><\/td>\n<td style=\"width: 50.909%; text-align: center;\"><\/td>\n<td style=\"width: 29.5757%; text-align: center;\"><\/td>\n<\/tr>\n<\/tbody>\n<\/table>\n<p>&nbsp;<\/p>\n<p>&nbsp;<\/p>\n<p>&nbsp;<\/p>\n<p>&nbsp;<\/p>\n<p><a href=\"http:\/\/sistemaanticorrupcion.michoacan.gob.mx\/\"><img loading=\"lazy\" decoding=\"async\" class=\"alignleft\" src=\"http:\/\/sistemaanticorrupcion.michoacan.gob.mx\/templates\/g5_hydrogen\/custom\/images\/Logotipo%20SESEA%20Michoacan.svg\" alt=\"Secretar\u00eda Ejecutiva del Sistema Estatal Anticorrupci\u00f3n\" width=\"116\" height=\"79\" \/><\/a><\/p>\n<p><a href=\"https:\/\/www.sna.org.mx\/\"><img loading=\"lazy\" decoding=\"async\" class=\"alignleft\" src=\"https:\/\/www.gob.mx\/cms\/uploads\/article\/main_image\/60313\/SnaLogoNav03.jpg\" alt=\"EL SISTEMA NACIONAL ANTICORRUPCI\u00d3N | Secretar\u00eda Ejecutiva ...\" width=\"167\" height=\"84\" \/><\/a><\/p>\n<p><a href=\"https:\/\/www.transparenciapresupuestaria.gob.mx\/\"><img loading=\"lazy\" decoding=\"async\" class=\"wp-image-227 alignleft\" src=\"https:\/\/stm.losreyesmichoacan.gob.mx\/wp-content\/uploads\/2023\/04\/tp-300x245.jpg\" alt=\"\" width=\"130\" height=\"106\" srcset=\"https:\/\/stm.losreyesmichoacan.gob.mx\/wp-content\/uploads\/2023\/04\/tp-300x245.jpg 300w, https:\/\/stm.losreyesmichoacan.gob.mx\/wp-content\/uploads\/2023\/04\/tp.jpg 350w\" sizes=\"(max-width: 130px) 100vw, 130px\" \/><\/a><\/p>\n<p><a href=\"https:\/\/www.plataformadetransparencia.org.mx\/\"><img loading=\"lazy\" decoding=\"async\" class=\"wp-image-226 alignleft\" src=\"https:\/\/stm.losreyesmichoacan.gob.mx\/wp-content\/uploads\/2023\/04\/lp-300x245.jpg\" alt=\"\" width=\"130\" height=\"106\" srcset=\"https:\/\/stm.losreyesmichoacan.gob.mx\/wp-content\/uploads\/2023\/04\/lp-300x245.jpg 300w, https:\/\/stm.losreyesmichoacan.gob.mx\/wp-content\/uploads\/2023\/04\/lp.jpg 350w\" sizes=\"(max-width: 130px) 100vw, 130px\" \/><\/a><\/p>\n<p><a href=\"http:\/\/imaip.org.mx\/\"><img loading=\"lazy\" decoding=\"async\" class=\"wp-image-224 alignleft\" src=\"https:\/\/stm.losreyesmichoacan.gob.mx\/wp-content\/uploads\/2023\/04\/imaip-300x245.jpg\" alt=\"\" width=\"130\" height=\"106\" srcset=\"https:\/\/stm.losreyesmichoacan.gob.mx\/wp-content\/uploads\/2023\/04\/imaip-300x245.jpg 300w, https:\/\/stm.losreyesmichoacan.gob.mx\/wp-content\/uploads\/2023\/04\/imaip.jpg 350w\" sizes=\"(max-width: 130px) 100vw, 130px\" \/><\/a><\/p>\n<p><a href=\"https:\/\/home.inai.org.mx\/\"><img loading=\"lazy\" decoding=\"async\" class=\"wp-image-225 alignleft\" src=\"https:\/\/stm.losreyesmichoacan.gob.mx\/wp-content\/uploads\/2023\/04\/inai-300x245.png\" alt=\"\" width=\"130\" height=\"106\" srcset=\"https:\/\/stm.losreyesmichoacan.gob.mx\/wp-content\/uploads\/2023\/04\/inai-300x245.png 300w, https:\/\/stm.losreyesmichoacan.gob.mx\/wp-content\/uploads\/2023\/04\/inai.png 350w\" sizes=\"(max-width: 130px) 100vw, 130px\" \/><\/a><\/p>\n","protected":false},"excerpt":{"rendered":"<p class=\"qua-blog-post-description\">NO\u00b0 ACTA CONCPTO DOCUMENTO ACTA #1 ACTA DE INSTALACI\u00d3N Y LINEAMIENTOS DE OPERACI\u00d3N DEL SECRETARIADO T\u00c9CNICO MUNICIPAL DE GOBIERNO ABIERTO DEL MUNICIPIO DE LOS REYES. ACTA #2 SECRETARIADO T\u00c9CNICO MUNICIPAL DE GOBIERNO ABIERTO DEL MUNICIPIO DE LOS REYES. ACTA #3 SECRETARIADO T\u00c9CNICO MUNICIPAL DE GOBIERNO ABIERTO DEL MUNICIPIO DE LOS REYES. ACTA #4 SECRETARIADO T\u00c9CNICO [&hellip;]<\/p>\n","protected":false},"author":1,"featured_media":0,"parent":0,"menu_order":0,"comment_status":"closed","ping_status":"closed","template":"quality-page-builder-default.php","meta":{"footnotes":""},"class_list":["post-27","page","type-page","status-publish","hentry"],"yoast_head":"<!-- This site is optimized with the Yoast SEO plugin v25.4 - https:\/\/yoast.com\/wordpress\/plugins\/seo\/ -->\n<title>Actas - STM<\/title>\n<meta name=\"robots\" content=\"index, follow, max-snippet:-1, max-image-preview:large, max-video-preview:-1\" \/>\n<link rel=\"canonical\" href=\"https:\/\/stm.losreyesmichoacan.gob.mx\/index.php\/actas\/\" \/>\n<meta property=\"og:locale\" content=\"es_ES\" \/>\n<meta property=\"og:type\" content=\"article\" \/>\n<meta property=\"og:title\" content=\"Actas - STM\" \/>\n<meta property=\"og:description\" content=\"NO\u00b0 ACTA CONCPTO DOCUMENTO ACTA #1 ACTA DE INSTALACI\u00d3N Y LINEAMIENTOS DE OPERACI\u00d3N DEL SECRETARIADO T\u00c9CNICO MUNICIPAL DE GOBIERNO ABIERTO DEL MUNICIPIO DE LOS REYES. ACTA #2 SECRETARIADO T\u00c9CNICO MUNICIPAL DE GOBIERNO ABIERTO DEL MUNICIPIO DE LOS REYES. ACTA #3 SECRETARIADO T\u00c9CNICO MUNICIPAL DE GOBIERNO ABIERTO DEL MUNICIPIO DE LOS REYES. ACTA #4 SECRETARIADO T\u00c9CNICO [&hellip;]\" \/>\n<meta property=\"og:url\" content=\"https:\/\/stm.losreyesmichoacan.gob.mx\/index.php\/actas\/\" \/>\n<meta property=\"og:site_name\" content=\"STM\" \/>\n<meta property=\"article:modified_time\" content=\"2023-06-05T18:04:42+00:00\" \/>\n<meta property=\"og:image\" content=\"https:\/\/stm.losreyesmichoacan.gob.mx\/wp-content\/uploads\/2023\/04\/OIP.jpg\" \/>\n<meta name=\"twitter:card\" content=\"summary_large_image\" \/>\n<meta name=\"twitter:label1\" content=\"Tiempo de lectura\" \/>\n\t<meta name=\"twitter:data1\" content=\"3 minutos\" \/>\n<script type=\"application\/ld+json\" class=\"yoast-schema-graph\">{\"@context\":\"https:\/\/schema.org\",\"@graph\":[{\"@type\":\"WebPage\",\"@id\":\"https:\/\/stm.losreyesmichoacan.gob.mx\/index.php\/actas\/\",\"url\":\"https:\/\/stm.losreyesmichoacan.gob.mx\/index.php\/actas\/\",\"name\":\"Actas - STM\",\"isPartOf\":{\"@id\":\"https:\/\/stm.losreyesmichoacan.gob.mx\/#website\"},\"primaryImageOfPage\":{\"@id\":\"https:\/\/stm.losreyesmichoacan.gob.mx\/index.php\/actas\/#primaryimage\"},\"image\":{\"@id\":\"https:\/\/stm.losreyesmichoacan.gob.mx\/index.php\/actas\/#primaryimage\"},\"thumbnailUrl\":\"https:\/\/stm.losreyesmichoacan.gob.mx\/wp-content\/uploads\/2023\/04\/OIP.jpg\",\"datePublished\":\"2023-01-31T20:23:59+00:00\",\"dateModified\":\"2023-06-05T18:04:42+00:00\",\"breadcrumb\":{\"@id\":\"https:\/\/stm.losreyesmichoacan.gob.mx\/index.php\/actas\/#breadcrumb\"},\"inLanguage\":\"es\",\"potentialAction\":[{\"@type\":\"ReadAction\",\"target\":[\"https:\/\/stm.losreyesmichoacan.gob.mx\/index.php\/actas\/\"]}]},{\"@type\":\"ImageObject\",\"inLanguage\":\"es\",\"@id\":\"https:\/\/stm.losreyesmichoacan.gob.mx\/index.php\/actas\/#primaryimage\",\"url\":\"https:\/\/stm.losreyesmichoacan.gob.mx\/wp-content\/uploads\/2023\/04\/OIP.jpg\",\"contentUrl\":\"https:\/\/stm.losreyesmichoacan.gob.mx\/wp-content\/uploads\/2023\/04\/OIP.jpg\",\"width\":165,\"height\":180},{\"@type\":\"BreadcrumbList\",\"@id\":\"https:\/\/stm.losreyesmichoacan.gob.mx\/index.php\/actas\/#breadcrumb\",\"itemListElement\":[{\"@type\":\"ListItem\",\"position\":1,\"name\":\"Portada\",\"item\":\"https:\/\/stm.losreyesmichoacan.gob.mx\/\"},{\"@type\":\"ListItem\",\"position\":2,\"name\":\"Actas\"}]},{\"@type\":\"WebSite\",\"@id\":\"https:\/\/stm.losreyesmichoacan.gob.mx\/#website\",\"url\":\"https:\/\/stm.losreyesmichoacan.gob.mx\/\",\"name\":\"STM\",\"description\":\"Secretariado T\u00e9cnico Municipal\",\"publisher\":{\"@id\":\"https:\/\/stm.losreyesmichoacan.gob.mx\/#organization\"},\"potentialAction\":[{\"@type\":\"SearchAction\",\"target\":{\"@type\":\"EntryPoint\",\"urlTemplate\":\"https:\/\/stm.losreyesmichoacan.gob.mx\/?s={search_term_string}\"},\"query-input\":{\"@type\":\"PropertyValueSpecification\",\"valueRequired\":true,\"valueName\":\"search_term_string\"}}],\"inLanguage\":\"es\"},{\"@type\":\"Organization\",\"@id\":\"https:\/\/stm.losreyesmichoacan.gob.mx\/#organization\",\"name\":\"STM\",\"url\":\"https:\/\/stm.losreyesmichoacan.gob.mx\/\",\"logo\":{\"@type\":\"ImageObject\",\"inLanguage\":\"es\",\"@id\":\"https:\/\/stm.losreyesmichoacan.gob.mx\/#\/schema\/logo\/image\/\",\"url\":\"https:\/\/stm.losreyesmichoacan.gob.mx\/wp-content\/uploads\/2023\/01\/cropped-LOGO_SECRETARIADO_TECNICO.fw_-2.png\",\"contentUrl\":\"https:\/\/stm.losreyesmichoacan.gob.mx\/wp-content\/uploads\/2023\/01\/cropped-LOGO_SECRETARIADO_TECNICO.fw_-2.png\",\"width\":153,\"height\":106,\"caption\":\"STM\"},\"image\":{\"@id\":\"https:\/\/stm.losreyesmichoacan.gob.mx\/#\/schema\/logo\/image\/\"}}]}<\/script>\n<!-- \/ Yoast SEO plugin. -->","yoast_head_json":{"title":"Actas - STM","robots":{"index":"index","follow":"follow","max-snippet":"max-snippet:-1","max-image-preview":"max-image-preview:large","max-video-preview":"max-video-preview:-1"},"canonical":"https:\/\/stm.losreyesmichoacan.gob.mx\/index.php\/actas\/","og_locale":"es_ES","og_type":"article","og_title":"Actas - STM","og_description":"NO\u00b0 ACTA CONCPTO DOCUMENTO ACTA #1 ACTA DE INSTALACI\u00d3N Y LINEAMIENTOS DE OPERACI\u00d3N DEL SECRETARIADO T\u00c9CNICO MUNICIPAL DE GOBIERNO ABIERTO DEL MUNICIPIO DE LOS REYES. ACTA #2 SECRETARIADO T\u00c9CNICO MUNICIPAL DE GOBIERNO ABIERTO DEL MUNICIPIO DE LOS REYES. ACTA #3 SECRETARIADO T\u00c9CNICO MUNICIPAL DE GOBIERNO ABIERTO DEL MUNICIPIO DE LOS REYES. ACTA #4 SECRETARIADO T\u00c9CNICO [&hellip;]","og_url":"https:\/\/stm.losreyesmichoacan.gob.mx\/index.php\/actas\/","og_site_name":"STM","article_modified_time":"2023-06-05T18:04:42+00:00","og_image":[{"url":"https:\/\/stm.losreyesmichoacan.gob.mx\/wp-content\/uploads\/2023\/04\/OIP.jpg","type":"","width":"","height":""}],"twitter_card":"summary_large_image","twitter_misc":{"Tiempo de lectura":"3 minutos"},"schema":{"@context":"https:\/\/schema.org","@graph":[{"@type":"WebPage","@id":"https:\/\/stm.losreyesmichoacan.gob.mx\/index.php\/actas\/","url":"https:\/\/stm.losreyesmichoacan.gob.mx\/index.php\/actas\/","name":"Actas - STM","isPartOf":{"@id":"https:\/\/stm.losreyesmichoacan.gob.mx\/#website"},"primaryImageOfPage":{"@id":"https:\/\/stm.losreyesmichoacan.gob.mx\/index.php\/actas\/#primaryimage"},"image":{"@id":"https:\/\/stm.losreyesmichoacan.gob.mx\/index.php\/actas\/#primaryimage"},"thumbnailUrl":"https:\/\/stm.losreyesmichoacan.gob.mx\/wp-content\/uploads\/2023\/04\/OIP.jpg","datePublished":"2023-01-31T20:23:59+00:00","dateModified":"2023-06-05T18:04:42+00:00","breadcrumb":{"@id":"https:\/\/stm.losreyesmichoacan.gob.mx\/index.php\/actas\/#breadcrumb"},"inLanguage":"es","potentialAction":[{"@type":"ReadAction","target":["https:\/\/stm.losreyesmichoacan.gob.mx\/index.php\/actas\/"]}]},{"@type":"ImageObject","inLanguage":"es","@id":"https:\/\/stm.losreyesmichoacan.gob.mx\/index.php\/actas\/#primaryimage","url":"https:\/\/stm.losreyesmichoacan.gob.mx\/wp-content\/uploads\/2023\/04\/OIP.jpg","contentUrl":"https:\/\/stm.losreyesmichoacan.gob.mx\/wp-content\/uploads\/2023\/04\/OIP.jpg","width":165,"height":180},{"@type":"BreadcrumbList","@id":"https:\/\/stm.losreyesmichoacan.gob.mx\/index.php\/actas\/#breadcrumb","itemListElement":[{"@type":"ListItem","position":1,"name":"Portada","item":"https:\/\/stm.losreyesmichoacan.gob.mx\/"},{"@type":"ListItem","position":2,"name":"Actas"}]},{"@type":"WebSite","@id":"https:\/\/stm.losreyesmichoacan.gob.mx\/#website","url":"https:\/\/stm.losreyesmichoacan.gob.mx\/","name":"STM","description":"Secretariado T\u00e9cnico Municipal","publisher":{"@id":"https:\/\/stm.losreyesmichoacan.gob.mx\/#organization"},"potentialAction":[{"@type":"SearchAction","target":{"@type":"EntryPoint","urlTemplate":"https:\/\/stm.losreyesmichoacan.gob.mx\/?s={search_term_string}"},"query-input":{"@type":"PropertyValueSpecification","valueRequired":true,"valueName":"search_term_string"}}],"inLanguage":"es"},{"@type":"Organization","@id":"https:\/\/stm.losreyesmichoacan.gob.mx\/#organization","name":"STM","url":"https:\/\/stm.losreyesmichoacan.gob.mx\/","logo":{"@type":"ImageObject","inLanguage":"es","@id":"https:\/\/stm.losreyesmichoacan.gob.mx\/#\/schema\/logo\/image\/","url":"https:\/\/stm.losreyesmichoacan.gob.mx\/wp-content\/uploads\/2023\/01\/cropped-LOGO_SECRETARIADO_TECNICO.fw_-2.png","contentUrl":"https:\/\/stm.losreyesmichoacan.gob.mx\/wp-content\/uploads\/2023\/01\/cropped-LOGO_SECRETARIADO_TECNICO.fw_-2.png","width":153,"height":106,"caption":"STM"},"image":{"@id":"https:\/\/stm.losreyesmichoacan.gob.mx\/#\/schema\/logo\/image\/"}}]}},"_links":{"self":[{"href":"https:\/\/stm.losreyesmichoacan.gob.mx\/index.php\/wp-json\/wp\/v2\/pages\/27","targetHints":{"allow":["GET"]}}],"collection":[{"href":"https:\/\/stm.losreyesmichoacan.gob.mx\/index.php\/wp-json\/wp\/v2\/pages"}],"about":[{"href":"https:\/\/stm.losreyesmichoacan.gob.mx\/index.php\/wp-json\/wp\/v2\/types\/page"}],"author":[{"embeddable":true,"href":"https:\/\/stm.losreyesmichoacan.gob.mx\/index.php\/wp-json\/wp\/v2\/users\/1"}],"replies":[{"embeddable":true,"href":"https:\/\/stm.losreyesmichoacan.gob.mx\/index.php\/wp-json\/wp\/v2\/comments?post=27"}],"version-history":[{"count":35,"href":"https:\/\/stm.losreyesmichoacan.gob.mx\/index.php\/wp-json\/wp\/v2\/pages\/27\/revisions"}],"predecessor-version":[{"id":310,"href":"https:\/\/stm.losreyesmichoacan.gob.mx\/index.php\/wp-json\/wp\/v2\/pages\/27\/revisions\/310"}],"wp:attachment":[{"href":"https:\/\/stm.losreyesmichoacan.gob.mx\/index.php\/wp-json\/wp\/v2\/media?parent=27"}],"curies":[{"name":"wp","href":"https:\/\/api.w.org\/{rel}","templated":true}]}}