{"id":21,"date":"2023-01-31T20:22:32","date_gmt":"2023-01-31T20:22:32","guid":{"rendered":"https:\/\/stm.losreyesmichoacan.gob.mx\/?page_id=21"},"modified":"2023-05-25T16:22:38","modified_gmt":"2023-05-25T16:22:38","slug":"como-funciona-el-stm","status":"publish","type":"page","link":"https:\/\/stm.losreyesmichoacan.gob.mx\/index.php\/como-funciona-el-stm\/","title":{"rendered":"\u00bfC\u00f3mo funciona el STM?"},"content":{"rendered":"<p style=\"text-align: center;\"><strong>ELECCI\u00d3N DE INTEGRANTES<\/strong><\/p>\n<p>&nbsp;<\/p>\n<ol>\n<li>El Secretariado T\u00e9cnico Municipal (STM) estar\u00e1 integrado, por lo menos sin ser limitativo, de un representante del Gobierno Municipal, un representante del organismo garante local, un representante de la sociedad civil, un representante de la academia y, un ciudadano, contando con un suplente por cada titular.<\/li>\n<li>Los integrantes del STM ser\u00e1n elegidos por sus representados y bajo los mecanismos que \u00e9stos consideren pertinentes.<\/li>\n<li>Su designaci\u00f3n quedar\u00e1 sin efectos s\u00f3lo cuando por actos u omisiones reiteradas se afecten los objetivos del ejercicio de gobierno abierto en el estado, del Plan de Acci\u00f3n Municipal, o se vea en riesgo el funcionamiento del STM. Siendo el caso, por lo menos dos miembros del STM, deber\u00e1n considerar su integraci\u00f3n en el orden del d\u00eda y someterlo a votaci\u00f3n de todos los integrantes del STM en la sesi\u00f3n m\u00e1s pr\u00f3xima.<\/li>\n<li>Cada STM tendr\u00e1 vigencia el tiempo que dure la administraci\u00f3n municipal. Al t\u00e9rmino de dicha vigencia se deber\u00e1n elegir los nuevos integrantes.<\/li>\n<li>En el proceso de elecci\u00f3n de integrantes se procurar\u00e1 la rotaci\u00f3n de actores, en particular por lo que se refiere al representante de la sociedad civil, a fin de promover la participaci\u00f3n ciudadana.<\/li>\n<li style=\"text-align: left;\">Al finalizar la vigencia de cada STM, los integrantes rendir\u00e1n un informe de actividades y har\u00e1n entrega de la documentaci\u00f3n que hayan generado durante su designaci\u00f3n a los actores que sean elegidos para sucederlos y al facilitador del STM.<\/li>\n<\/ol>\n<p>&nbsp;<\/p>\n<p style=\"text-align: center;\"><strong>FUNCIONES DEL SECRETARIADO T\u00c9CNICO MUNICIPAL DE LOS REYES, MICHOACAN<\/strong><\/p>\n<ol>\n<li>Constituirse como el \u00f3rgano m\u00e1ximo de toma de decisiones de gobierno abierto en el municipio, as\u00ed como de los compromisos y acciones que de \u00e9stos se deriven.<\/li>\n<li>Coordinar la elaboraci\u00f3n del Plan de Acci\u00f3n Municipal (PAM) para el desarrollo del ejercicio de gobierno abierto.<\/li>\n<li>Coordinar e implementar las actividades necesarias para el cumplimiento de los compromisos establecidos en el PAM, por medio del establecimiento de la metodolog\u00eda correspondiente.<\/li>\n<li>Coordinar la generaci\u00f3n del micrositio dentro de su p\u00e1gina web del ejercicio abierto en el Municipio.<\/li>\n<li>Difundir el Modelo de Gobierno Abierto en el Municipio, as\u00ed como el ejercicio de gobierno abierto y el PAM.<\/li>\n<li>General y publicar reportes de seguimiento y evaluaci\u00f3n de los compromisos adoptados y las actividades que deriven de los mismos.<\/li>\n<li>Celebrar sesiones de seguimiento del PAM e integrar las actas correspondientes.<\/li>\n<\/ol>\n<p>&nbsp;<\/p>\n<p style=\"text-align: center;\"><strong>OPERACI\u00d3N Y FUNCIONAMIENTO<\/strong><\/p>\n<p><strong>\u00a0<\/strong><\/p>\n<ol>\n<li>Todos los integrantes del STM deber\u00e1n aprobar la agenda de cada sesi\u00f3n y tendr\u00e1n voz y voto.<\/li>\n<li>Para que se lleve a cabo una sesi\u00f3n se deber\u00e1 contar con el quorum necesario, es decir el 50 % m\u00e1s 1, en caso de que el propietario no pueda asistir lo podr\u00e1 hacer su suplente.<\/li>\n<li>El STM sesionar\u00e1 <strong>mensualmente <\/strong>en forma ordinaria, y en forma extraordinaria, en cualquier momento cuando las circunstancias as\u00ed lo ameriten.<\/li>\n<li>Las convocatorias a las sesiones ordinarias se emitir\u00e1n con un m\u00ednimo de cinco d\u00edas h\u00e1biles de anticipaci\u00f3n y las extraordinarias con dos d\u00edas h\u00e1biles como m\u00ednimo, y deber\u00e1n ser acompa\u00f1adas del orden del d\u00eda correspondiente.<\/li>\n<li>La celebraci\u00f3n de las sesiones s\u00f3lo podr\u00e1n cancelarse mediante comunicado emitido por lo menos veinticuatro horas previas a la fecha establecida, previa aprobaci\u00f3n de todos sus integrantes.<\/li>\n<li>Se elaborar\u00e1 un acta de cada sesi\u00f3n, la cual deber\u00e1 aprobarse, ser rubricada en cada hoja y firmada al calce en la misma fecha por todos los integrantes del STM.<\/li>\n<li>Se entregar\u00e1 una copia del acta a cada uno de los integrantes del STM.<\/li>\n<li>Las <strong>actas circunstanciadas de cada sesi\u00f3n<\/strong> se enviar\u00e1n v\u00eda electr\u00f3nica al IMAIP, a m\u00e1s tardar el \u00faltimo d\u00eda de cada mes, posteriores a la celebraci\u00f3n de la sesi\u00f3n.<\/li>\n<li>El facilitador tendr\u00e1 derecho a voz sin voto.<\/li>\n<\/ol>\n<p>10.Se promover\u00e1 la asistencia de observadores sociales, en las sesiones.<\/p>\n<ol start=\"11\">\n<li>El STM definir\u00e1 un medio de comunicaci\u00f3n electr\u00f3nico que permita agilizar la remisi\u00f3n y an\u00e1lisis de documentaci\u00f3n, as\u00ed como la toma de decisiones.<\/li>\n<\/ol>\n<p>&nbsp;<\/p>\n<ol start=\"12\">\n<li><strong> Los integrantes del STM generar\u00e1n un micrositio dentro de su p\u00e1gina web para la difusi\u00f3n de los trabajos realizados, que al menos cuente con los siguientes apartados:<\/strong><\/li>\n<\/ol>\n<p><strong>\u00a0a. <\/strong><strong>Secretariado T\u00e9cnico Municipal (STM): Actas, evidencia documental de sesiones (fotograf\u00edas, videos, audio, o cualquier otro) y comunicados,<\/strong><\/p>\n<p><strong>b. Avance de los compromisos y agenda de actividades,<\/strong><\/p>\n<p><strong>c. Datos de contacto,<\/strong><\/p>\n<p><strong>d. Secci\u00f3n de datos abiertos,<\/strong><\/p>\n<p><strong>e. Ligas de inter\u00e9s,<\/strong><\/p>\n<p><strong>f. Medio de recepci\u00f3n de dudas, quejas y sugerencias, y <\/strong><\/p>\n<p><strong>g. Vinculo web para manifestar su inter\u00e9s de incluirse en los ejercicios de gobierno abierto.<\/strong><\/p>\n<p>&nbsp;<\/p>\n<p>&nbsp;<\/p>\n<p>&nbsp;<\/p>\n<p><a href=\"http:\/\/sistemaanticorrupcion.michoacan.gob.mx\/\"><img decoding=\"async\" class=\"alignleft\" src=\"http:\/\/sistemaanticorrupcion.michoacan.gob.mx\/templates\/g5_hydrogen\/custom\/images\/Logotipo%20SESEA%20Michoacan.svg\" alt=\"Secretar\u00eda Ejecutiva del Sistema Estatal Anticorrupci\u00f3n\" width=\"116\" height=\"80\" \/><\/a><\/p>\n<p><strong> <a href=\"https:\/\/www.sna.org.mx\/\"><img decoding=\"async\" class=\"alignleft\" src=\"https:\/\/www.gob.mx\/cms\/uploads\/article\/main_image\/60313\/SnaLogoNav03.jpg\" alt=\"EL SISTEMA NACIONAL ANTICORRUPCI\u00d3N | Secretar\u00eda Ejecutiva ...\" width=\"216\" height=\"108\" \/><\/a><\/strong><\/p>\n<p><a href=\"https:\/\/www.transparenciapresupuestaria.gob.mx\/\"><img decoding=\"async\" class=\"wp-image-227 alignleft\" src=\"https:\/\/stm.losreyesmichoacan.gob.mx\/wp-content\/uploads\/2023\/04\/tp-300x245.jpg\" alt=\"\" width=\"130\" height=\"106\" srcset=\"https:\/\/stm.losreyesmichoacan.gob.mx\/wp-content\/uploads\/2023\/04\/tp-300x245.jpg 300w, https:\/\/stm.losreyesmichoacan.gob.mx\/wp-content\/uploads\/2023\/04\/tp.jpg 350w\" sizes=\"(max-width: 130px) 100vw, 130px\" \/><\/a><\/p>\n<p><a href=\"https:\/\/www.plataformadetransparencia.org.mx\/\"><img loading=\"lazy\" decoding=\"async\" class=\"wp-image-226 alignleft\" src=\"https:\/\/stm.losreyesmichoacan.gob.mx\/wp-content\/uploads\/2023\/04\/lp-300x245.jpg\" alt=\"\" width=\"130\" height=\"106\" srcset=\"https:\/\/stm.losreyesmichoacan.gob.mx\/wp-content\/uploads\/2023\/04\/lp-300x245.jpg 300w, https:\/\/stm.losreyesmichoacan.gob.mx\/wp-content\/uploads\/2023\/04\/lp.jpg 350w\" sizes=\"(max-width: 130px) 100vw, 130px\" \/><\/a><\/p>\n<p><a href=\"http:\/\/imaip.org.mx\/\"><img loading=\"lazy\" decoding=\"async\" class=\"wp-image-224 alignleft\" src=\"https:\/\/stm.losreyesmichoacan.gob.mx\/wp-content\/uploads\/2023\/04\/imaip-300x245.jpg\" alt=\"\" width=\"130\" height=\"106\" srcset=\"https:\/\/stm.losreyesmichoacan.gob.mx\/wp-content\/uploads\/2023\/04\/imaip-300x245.jpg 300w, https:\/\/stm.losreyesmichoacan.gob.mx\/wp-content\/uploads\/2023\/04\/imaip.jpg 350w\" sizes=\"(max-width: 130px) 100vw, 130px\" \/><\/a><\/p>\n<p><a href=\"https:\/\/home.inai.org.mx\/\"><img loading=\"lazy\" decoding=\"async\" class=\"wp-image-225 alignleft\" src=\"https:\/\/stm.losreyesmichoacan.gob.mx\/wp-content\/uploads\/2023\/04\/inai-300x245.png\" alt=\"\" width=\"130\" height=\"106\" srcset=\"https:\/\/stm.losreyesmichoacan.gob.mx\/wp-content\/uploads\/2023\/04\/inai-300x245.png 300w, https:\/\/stm.losreyesmichoacan.gob.mx\/wp-content\/uploads\/2023\/04\/inai.png 350w\" sizes=\"(max-width: 130px) 100vw, 130px\" \/><\/a><\/p>\n","protected":false},"excerpt":{"rendered":"<p class=\"qua-blog-post-description\">ELECCI\u00d3N DE INTEGRANTES &nbsp; El Secretariado T\u00e9cnico Municipal (STM) estar\u00e1 integrado, por lo menos sin ser limitativo, de un representante del Gobierno Municipal, un representante del organismo garante local, un representante de la sociedad civil, un representante de la academia y, un ciudadano, contando con un suplente por cada titular. Los integrantes del STM ser\u00e1n [&hellip;]<\/p>\n","protected":false},"author":1,"featured_media":0,"parent":0,"menu_order":0,"comment_status":"closed","ping_status":"closed","template":"quality-page-builder-default.php","meta":{"footnotes":""},"class_list":["post-21","page","type-page","status-publish","hentry"],"yoast_head":"<!-- This site is optimized with the Yoast SEO plugin v25.4 - https:\/\/yoast.com\/wordpress\/plugins\/seo\/ -->\n<title>\u00bfC\u00f3mo funciona el STM? - STM<\/title>\n<meta name=\"robots\" content=\"index, follow, max-snippet:-1, max-image-preview:large, max-video-preview:-1\" \/>\n<link rel=\"canonical\" href=\"https:\/\/stm.losreyesmichoacan.gob.mx\/index.php\/como-funciona-el-stm\/\" \/>\n<meta property=\"og:locale\" content=\"es_ES\" \/>\n<meta property=\"og:type\" content=\"article\" \/>\n<meta property=\"og:title\" content=\"\u00bfC\u00f3mo funciona el STM? - STM\" \/>\n<meta property=\"og:description\" content=\"ELECCI\u00d3N DE INTEGRANTES &nbsp; El Secretariado T\u00e9cnico Municipal (STM) estar\u00e1 integrado, por lo menos sin ser limitativo, de un representante del Gobierno Municipal, un representante del organismo garante local, un representante de la sociedad civil, un representante de la academia y, un ciudadano, contando con un suplente por cada titular. Los integrantes del STM ser\u00e1n [&hellip;]\" \/>\n<meta property=\"og:url\" content=\"https:\/\/stm.losreyesmichoacan.gob.mx\/index.php\/como-funciona-el-stm\/\" \/>\n<meta property=\"og:site_name\" content=\"STM\" \/>\n<meta property=\"article:modified_time\" content=\"2023-05-25T16:22:38+00:00\" \/>\n<meta property=\"og:image\" content=\"http:\/\/sistemaanticorrupcion.michoacan.gob.mx\/templates\/g5_hydrogen\/custom\/images\/Logotipo%20SESEA%20Michoacan.svg\" \/>\n<meta name=\"twitter:card\" content=\"summary_large_image\" \/>\n<meta name=\"twitter:label1\" content=\"Tiempo de lectura\" \/>\n\t<meta name=\"twitter:data1\" content=\"5 minutos\" \/>\n<script type=\"application\/ld+json\" class=\"yoast-schema-graph\">{\"@context\":\"https:\/\/schema.org\",\"@graph\":[{\"@type\":\"WebPage\",\"@id\":\"https:\/\/stm.losreyesmichoacan.gob.mx\/index.php\/como-funciona-el-stm\/\",\"url\":\"https:\/\/stm.losreyesmichoacan.gob.mx\/index.php\/como-funciona-el-stm\/\",\"name\":\"\u00bfC\u00f3mo funciona el STM? - STM\",\"isPartOf\":{\"@id\":\"https:\/\/stm.losreyesmichoacan.gob.mx\/#website\"},\"primaryImageOfPage\":{\"@id\":\"https:\/\/stm.losreyesmichoacan.gob.mx\/index.php\/como-funciona-el-stm\/#primaryimage\"},\"image\":{\"@id\":\"https:\/\/stm.losreyesmichoacan.gob.mx\/index.php\/como-funciona-el-stm\/#primaryimage\"},\"thumbnailUrl\":\"http:\/\/sistemaanticorrupcion.michoacan.gob.mx\/templates\/g5_hydrogen\/custom\/images\/Logotipo%20SESEA%20Michoacan.svg\",\"datePublished\":\"2023-01-31T20:22:32+00:00\",\"dateModified\":\"2023-05-25T16:22:38+00:00\",\"breadcrumb\":{\"@id\":\"https:\/\/stm.losreyesmichoacan.gob.mx\/index.php\/como-funciona-el-stm\/#breadcrumb\"},\"inLanguage\":\"es\",\"potentialAction\":[{\"@type\":\"ReadAction\",\"target\":[\"https:\/\/stm.losreyesmichoacan.gob.mx\/index.php\/como-funciona-el-stm\/\"]}]},{\"@type\":\"ImageObject\",\"inLanguage\":\"es\",\"@id\":\"https:\/\/stm.losreyesmichoacan.gob.mx\/index.php\/como-funciona-el-stm\/#primaryimage\",\"url\":\"http:\/\/sistemaanticorrupcion.michoacan.gob.mx\/templates\/g5_hydrogen\/custom\/images\/Logotipo%20SESEA%20Michoacan.svg\",\"contentUrl\":\"http:\/\/sistemaanticorrupcion.michoacan.gob.mx\/templates\/g5_hydrogen\/custom\/images\/Logotipo%20SESEA%20Michoacan.svg\"},{\"@type\":\"BreadcrumbList\",\"@id\":\"https:\/\/stm.losreyesmichoacan.gob.mx\/index.php\/como-funciona-el-stm\/#breadcrumb\",\"itemListElement\":[{\"@type\":\"ListItem\",\"position\":1,\"name\":\"Portada\",\"item\":\"https:\/\/stm.losreyesmichoacan.gob.mx\/\"},{\"@type\":\"ListItem\",\"position\":2,\"name\":\"\u00bfC\u00f3mo funciona el STM?\"}]},{\"@type\":\"WebSite\",\"@id\":\"https:\/\/stm.losreyesmichoacan.gob.mx\/#website\",\"url\":\"https:\/\/stm.losreyesmichoacan.gob.mx\/\",\"name\":\"STM\",\"description\":\"Secretariado T\u00e9cnico Municipal\",\"publisher\":{\"@id\":\"https:\/\/stm.losreyesmichoacan.gob.mx\/#organization\"},\"potentialAction\":[{\"@type\":\"SearchAction\",\"target\":{\"@type\":\"EntryPoint\",\"urlTemplate\":\"https:\/\/stm.losreyesmichoacan.gob.mx\/?s={search_term_string}\"},\"query-input\":{\"@type\":\"PropertyValueSpecification\",\"valueRequired\":true,\"valueName\":\"search_term_string\"}}],\"inLanguage\":\"es\"},{\"@type\":\"Organization\",\"@id\":\"https:\/\/stm.losreyesmichoacan.gob.mx\/#organization\",\"name\":\"STM\",\"url\":\"https:\/\/stm.losreyesmichoacan.gob.mx\/\",\"logo\":{\"@type\":\"ImageObject\",\"inLanguage\":\"es\",\"@id\":\"https:\/\/stm.losreyesmichoacan.gob.mx\/#\/schema\/logo\/image\/\",\"url\":\"https:\/\/stm.losreyesmichoacan.gob.mx\/wp-content\/uploads\/2023\/01\/cropped-LOGO_SECRETARIADO_TECNICO.fw_-2.png\",\"contentUrl\":\"https:\/\/stm.losreyesmichoacan.gob.mx\/wp-content\/uploads\/2023\/01\/cropped-LOGO_SECRETARIADO_TECNICO.fw_-2.png\",\"width\":153,\"height\":106,\"caption\":\"STM\"},\"image\":{\"@id\":\"https:\/\/stm.losreyesmichoacan.gob.mx\/#\/schema\/logo\/image\/\"}}]}<\/script>\n<!-- \/ Yoast SEO plugin. -->","yoast_head_json":{"title":"\u00bfC\u00f3mo funciona el STM? - STM","robots":{"index":"index","follow":"follow","max-snippet":"max-snippet:-1","max-image-preview":"max-image-preview:large","max-video-preview":"max-video-preview:-1"},"canonical":"https:\/\/stm.losreyesmichoacan.gob.mx\/index.php\/como-funciona-el-stm\/","og_locale":"es_ES","og_type":"article","og_title":"\u00bfC\u00f3mo funciona el STM? - STM","og_description":"ELECCI\u00d3N DE INTEGRANTES &nbsp; El Secretariado T\u00e9cnico Municipal (STM) estar\u00e1 integrado, por lo menos sin ser limitativo, de un representante del Gobierno Municipal, un representante del organismo garante local, un representante de la sociedad civil, un representante de la academia y, un ciudadano, contando con un suplente por cada titular. Los integrantes del STM ser\u00e1n [&hellip;]","og_url":"https:\/\/stm.losreyesmichoacan.gob.mx\/index.php\/como-funciona-el-stm\/","og_site_name":"STM","article_modified_time":"2023-05-25T16:22:38+00:00","og_image":[{"url":"http:\/\/sistemaanticorrupcion.michoacan.gob.mx\/templates\/g5_hydrogen\/custom\/images\/Logotipo%20SESEA%20Michoacan.svg","type":"","width":"","height":""}],"twitter_card":"summary_large_image","twitter_misc":{"Tiempo de lectura":"5 minutos"},"schema":{"@context":"https:\/\/schema.org","@graph":[{"@type":"WebPage","@id":"https:\/\/stm.losreyesmichoacan.gob.mx\/index.php\/como-funciona-el-stm\/","url":"https:\/\/stm.losreyesmichoacan.gob.mx\/index.php\/como-funciona-el-stm\/","name":"\u00bfC\u00f3mo funciona el STM? - STM","isPartOf":{"@id":"https:\/\/stm.losreyesmichoacan.gob.mx\/#website"},"primaryImageOfPage":{"@id":"https:\/\/stm.losreyesmichoacan.gob.mx\/index.php\/como-funciona-el-stm\/#primaryimage"},"image":{"@id":"https:\/\/stm.losreyesmichoacan.gob.mx\/index.php\/como-funciona-el-stm\/#primaryimage"},"thumbnailUrl":"http:\/\/sistemaanticorrupcion.michoacan.gob.mx\/templates\/g5_hydrogen\/custom\/images\/Logotipo%20SESEA%20Michoacan.svg","datePublished":"2023-01-31T20:22:32+00:00","dateModified":"2023-05-25T16:22:38+00:00","breadcrumb":{"@id":"https:\/\/stm.losreyesmichoacan.gob.mx\/index.php\/como-funciona-el-stm\/#breadcrumb"},"inLanguage":"es","potentialAction":[{"@type":"ReadAction","target":["https:\/\/stm.losreyesmichoacan.gob.mx\/index.php\/como-funciona-el-stm\/"]}]},{"@type":"ImageObject","inLanguage":"es","@id":"https:\/\/stm.losreyesmichoacan.gob.mx\/index.php\/como-funciona-el-stm\/#primaryimage","url":"http:\/\/sistemaanticorrupcion.michoacan.gob.mx\/templates\/g5_hydrogen\/custom\/images\/Logotipo%20SESEA%20Michoacan.svg","contentUrl":"http:\/\/sistemaanticorrupcion.michoacan.gob.mx\/templates\/g5_hydrogen\/custom\/images\/Logotipo%20SESEA%20Michoacan.svg"},{"@type":"BreadcrumbList","@id":"https:\/\/stm.losreyesmichoacan.gob.mx\/index.php\/como-funciona-el-stm\/#breadcrumb","itemListElement":[{"@type":"ListItem","position":1,"name":"Portada","item":"https:\/\/stm.losreyesmichoacan.gob.mx\/"},{"@type":"ListItem","position":2,"name":"\u00bfC\u00f3mo funciona el STM?"}]},{"@type":"WebSite","@id":"https:\/\/stm.losreyesmichoacan.gob.mx\/#website","url":"https:\/\/stm.losreyesmichoacan.gob.mx\/","name":"STM","description":"Secretariado T\u00e9cnico Municipal","publisher":{"@id":"https:\/\/stm.losreyesmichoacan.gob.mx\/#organization"},"potentialAction":[{"@type":"SearchAction","target":{"@type":"EntryPoint","urlTemplate":"https:\/\/stm.losreyesmichoacan.gob.mx\/?s={search_term_string}"},"query-input":{"@type":"PropertyValueSpecification","valueRequired":true,"valueName":"search_term_string"}}],"inLanguage":"es"},{"@type":"Organization","@id":"https:\/\/stm.losreyesmichoacan.gob.mx\/#organization","name":"STM","url":"https:\/\/stm.losreyesmichoacan.gob.mx\/","logo":{"@type":"ImageObject","inLanguage":"es","@id":"https:\/\/stm.losreyesmichoacan.gob.mx\/#\/schema\/logo\/image\/","url":"https:\/\/stm.losreyesmichoacan.gob.mx\/wp-content\/uploads\/2023\/01\/cropped-LOGO_SECRETARIADO_TECNICO.fw_-2.png","contentUrl":"https:\/\/stm.losreyesmichoacan.gob.mx\/wp-content\/uploads\/2023\/01\/cropped-LOGO_SECRETARIADO_TECNICO.fw_-2.png","width":153,"height":106,"caption":"STM"},"image":{"@id":"https:\/\/stm.losreyesmichoacan.gob.mx\/#\/schema\/logo\/image\/"}}]}},"_links":{"self":[{"href":"https:\/\/stm.losreyesmichoacan.gob.mx\/index.php\/wp-json\/wp\/v2\/pages\/21","targetHints":{"allow":["GET"]}}],"collection":[{"href":"https:\/\/stm.losreyesmichoacan.gob.mx\/index.php\/wp-json\/wp\/v2\/pages"}],"about":[{"href":"https:\/\/stm.losreyesmichoacan.gob.mx\/index.php\/wp-json\/wp\/v2\/types\/page"}],"author":[{"embeddable":true,"href":"https:\/\/stm.losreyesmichoacan.gob.mx\/index.php\/wp-json\/wp\/v2\/users\/1"}],"replies":[{"embeddable":true,"href":"https:\/\/stm.losreyesmichoacan.gob.mx\/index.php\/wp-json\/wp\/v2\/comments?post=21"}],"version-history":[{"count":12,"href":"https:\/\/stm.losreyesmichoacan.gob.mx\/index.php\/wp-json\/wp\/v2\/pages\/21\/revisions"}],"predecessor-version":[{"id":436,"href":"https:\/\/stm.losreyesmichoacan.gob.mx\/index.php\/wp-json\/wp\/v2\/pages\/21\/revisions\/436"}],"wp:attachment":[{"href":"https:\/\/stm.losreyesmichoacan.gob.mx\/index.php\/wp-json\/wp\/v2\/media?parent=21"}],"curies":[{"name":"wp","href":"https:\/\/api.w.org\/{rel}","templated":true}]}}